{"id":15,"date":"2025-07-02T09:34:00","date_gmt":"2025-07-02T12:34:00","guid":{"rendered":"https:\/\/www.ecotijuba.tur.br\/?page_id=15"},"modified":"2025-08-22T09:19:35","modified_gmt":"2025-08-22T12:19:35","slug":"contatos","status":"publish","type":"page","link":"https:\/\/www.ecotijuba.tur.br\/index.php\/contatos\/","title":{"rendered":"Contatos"},"content":{"rendered":"\t\t<div data-elementor-type=\"wp-page\" data-elementor-id=\"15\" class=\"elementor elementor-15\" data-elementor-post-type=\"page\">\n\t\t\t\t<div class=\"elementor-element elementor-element-317542b e-flex e-con-boxed e-con e-parent\" data-id=\"317542b\" data-element_type=\"container\" data-e-type=\"container\">\n\t\t\t\t\t<div class=\"e-con-inner\">\n\t\t\t\t<div class=\"elementor-element elementor-element-0c96d6c elementor-widget elementor-widget-spacer\" data-id=\"0c96d6c\" data-element_type=\"widget\" data-e-type=\"widget\" data-widget_type=\"spacer.default\">\n\t\t\t\t\t\t\t<div class=\"elementor-spacer\">\n\t\t\t<div class=\"elementor-spacer-inner\"><\/div>\n\t\t<\/div>\n\t\t\t\t\t\t<\/div>\n\t\t\t\t<div class=\"elementor-element elementor-element-67ad491 elementor-widget elementor-widget-heading\" data-id=\"67ad491\" data-element_type=\"widget\" data-e-type=\"widget\" data-widget_type=\"heading.default\">\n\t\t\t\t\t<h2 class=\"elementor-heading-title elementor-size-default\">Fale Conosco:<\/h2>\t\t\t\t<\/div>\n\t\t\t\t<div class=\"elementor-element elementor-element-ceb95f1 elementor-widget elementor-widget-text-editor\" data-id=\"ceb95f1\" data-element_type=\"widget\" data-e-type=\"widget\" data-widget_type=\"text-editor.default\">\n\t\t\t\t\t\t\t\t\t<p>Somos uma rede de rela\u00e7\u00f5es e apoio as atividades din\u00e2micas e criativas produzidas na olha de Cotijuba para o mundo. ECOTIJUBA \u00e9 uma filosofia de vida, na defesa do povo e da floresta.<\/p>\t\t\t\t\t\t\t\t<\/div>\n\t\t\t\t\t<\/div>\n\t\t\t\t<\/div>\n\t\t<div class=\"elementor-element elementor-element-9211bb5 e-flex e-con-boxed e-con e-parent\" data-id=\"9211bb5\" data-element_type=\"container\" data-e-type=\"container\">\n\t\t\t\t\t<div class=\"e-con-inner\">\n\t\t<div class=\"elementor-element elementor-element-e4bbb2a e-grid e-con-full e-con e-child\" data-id=\"e4bbb2a\" data-element_type=\"container\" data-e-type=\"container\">\n\t\t\t\t<div class=\"elementor-element elementor-element-e390690 elementor-widget elementor-widget-image\" data-id=\"e390690\" data-element_type=\"widget\" data-e-type=\"widget\" data-widget_type=\"image.default\">\n\t\t\t\t\t\t\t\t\t\t\t\t\t\t\t<img fetchpriority=\"high\" decoding=\"async\" width=\"800\" height=\"804\" src=\"https:\/\/www.ecotijuba.tur.br\/wp-content\/uploads\/2025\/08\/Marcos.jpg\" class=\"attachment-large size-large wp-image-752\" alt=\"\" srcset=\"https:\/\/www.ecotijuba.tur.br\/wp-content\/uploads\/2025\/08\/Marcos.jpg.webp 955w, https:\/\/www.ecotijuba.tur.br\/wp-content\/uploads\/2025\/08\/Marcos-298x300.jpg.webp 298w, https:\/\/www.ecotijuba.tur.br\/wp-content\/uploads\/2025\/08\/Marcos-150x150.jpg.webp 150w, https:\/\/www.ecotijuba.tur.br\/wp-content\/uploads\/2025\/08\/Marcos-768x772.jpg.webp 768w, https:\/\/www.ecotijuba.tur.br\/wp-content\/uploads\/2025\/08\/Marcos-600x603.jpg.webp 600w, https:\/\/www.ecotijuba.tur.br\/wp-content\/uploads\/2025\/08\/Marcos-100x100.jpg.webp 100w\" sizes=\"(max-width: 800px) 100vw, 800px\" \/>\t\t\t\t\t\t\t\t\t\t\t\t\t\t\t<\/div>\n\t\t\t\t<div class=\"elementor-element elementor-element-884eb91 elementor-widget elementor-widget-icon-box\" data-id=\"884eb91\" data-element_type=\"widget\" data-e-type=\"widget\" data-widget_type=\"icon-box.default\">\n\t\t\t\t\t\t\t<div class=\"elementor-icon-box-wrapper\">\n\n\t\t\t\n\t\t\t\t\t\t<div class=\"elementor-icon-box-content\">\n\n\t\t\t\t\t\t\t\t\t<h3 class=\"elementor-icon-box-title\">\n\t\t\t\t\t\t<span  >\n\t\t\t\t\t\t\tSou Marco Barros,\t\t\t\t\t\t<\/span>\n\t\t\t\t\t<\/h3>\n\t\t\t\t\n\t\t\t\t\t\t\t\t\t<p class=\"elementor-icon-box-description\">\n\t\t\t\t\t\tSoci\u00f3logo e invecionista, coordenador da rede ECOTIJUBA. Meu contato \u00e9 o e-mail: marcoabbarros@gmail.com\t\t\t\t\t<\/p>\n\t\t\t\t\n\t\t\t<\/div>\n\t\t\t\n\t\t<\/div>\n\t\t\t\t\t\t<\/div>\n\t\t\t\t<\/div>\n\t\t\t\t\t<\/div>\n\t\t\t\t<\/div>\n\t\t\t\t<\/div>\n\t\t","protected":false},"excerpt":{"rendered":"<p>Fale Conosco: Somos uma rede de rela\u00e7\u00f5es e apoio as atividades din\u00e2micas e criativas produzidas na olha de Cotijuba para o mundo. ECOTIJUBA \u00e9 uma filosofia de vida, na defesa do povo e da floresta. Sou Marco Barros, Soci\u00f3logo e invecionista, coordenador da rede ECOTIJUBA. Meu contato \u00e9 o e-mail: marcoabbarros@gmail.com<\/p>\n","protected":false},"author":1,"featured_media":0,"parent":0,"menu_order":0,"comment_status":"closed","ping_status":"closed","template":"elementor_header_footer","meta":{"footnotes":""},"class_list":["post-15","page","type-page","status-publish","hentry"],"_links":{"self":[{"href":"https:\/\/www.ecotijuba.tur.br\/index.php\/wp-json\/wp\/v2\/pages\/15","targetHints":{"allow":["GET"]}}],"collection":[{"href":"https:\/\/www.ecotijuba.tur.br\/index.php\/wp-json\/wp\/v2\/pages"}],"about":[{"href":"https:\/\/www.ecotijuba.tur.br\/index.php\/wp-json\/wp\/v2\/types\/page"}],"author":[{"embeddable":true,"href":"https:\/\/www.ecotijuba.tur.br\/index.php\/wp-json\/wp\/v2\/users\/1"}],"replies":[{"embeddable":true,"href":"https:\/\/www.ecotijuba.tur.br\/index.php\/wp-json\/wp\/v2\/comments?post=15"}],"version-history":[{"count":13,"href":"https:\/\/www.ecotijuba.tur.br\/index.php\/wp-json\/wp\/v2\/pages\/15\/revisions"}],"predecessor-version":[{"id":759,"href":"https:\/\/www.ecotijuba.tur.br\/index.php\/wp-json\/wp\/v2\/pages\/15\/revisions\/759"}],"wp:attachment":[{"href":"https:\/\/www.ecotijuba.tur.br\/index.php\/wp-json\/wp\/v2\/media?parent=15"}],"curies":[{"name":"wp","href":"https:\/\/api.w.org\/{rel}","templated":true}]}}